{"id":3284,"date":"2024-02-08T13:55:37","date_gmt":"2024-02-08T13:55:37","guid":{"rendered":"https:\/\/compagniearcosm.fr\/company\/direction-artistique\/"},"modified":"2024-04-15T10:07:41","modified_gmt":"2024-04-15T10:07:41","slug":"artistic-direction","status":"publish","type":"page","link":"https:\/\/compagniearcosm.fr\/en\/company\/artistic-direction\/","title":{"rendered":"Artistic Direction"},"content":{"rendered":"<section class=\"default \">\n    <div class=\"acf-innerblocks-container\">\n\n<div class=\"wp-block-columns is-layout-flex wp-container-core-columns-is-layout-9d6595d7 wp-block-columns-is-layout-flex\">\n<div class=\"wp-block-column is-layout-flow wp-block-column-is-layout-flow\" style=\"flex-basis:50%\">\n<p>Thomas Guerry se forme au Conservatoire National de R\u00e9gion de Lyon puis au Conservatoire National Sup\u00e9rieur de Musique et de Danse de Lyon. Il affine sa formation aupr\u00e8s d\u2019Odile Duboc, Fabrice Ramalingom, H\u00e9l\u00e8ne Cathala, Betty Jones\u2026 En 1999, il entre au Skanes Dance Theater en Su\u00e8de. Il danse ensuite pour les Carnets Bagouet (Meubl\u00e9 Sommairement en 2000, Mati\u00e8re Premi\u00e8re en 2002), la Cie La Veilleuse\/Christine Jouve (Les All\u00e9es et venues en 2000, Dehors en 2002), avec Bernard Glandier (Le Roi des Bons), Thomas Lebrun (On prendra bien le temps d\u2019y \u00eatre en 2001, La Tr\u00e8ve(s) en 2004, What you Want en 2006 et Switch en 2007).<\/p>\n<\/div>\n\n\n\n<div class=\"wp-block-column is-layout-flow wp-block-column-is-layout-flow\" style=\"flex-basis:50%\"><\/div>\n<\/div>\n\n<\/div>\n<\/section>\n\n\n<section class=\"default \">\n    <div class=\"acf-innerblocks-container\">\n\n<div class=\"wp-block-columns is-layout-flex wp-container-core-columns-is-layout-9d6595d7 wp-block-columns-is-layout-flex\">\n<div class=\"wp-block-column is-layout-flow wp-block-column-is-layout-flow\" style=\"flex-basis:50%\"><\/div>\n\n\n\n<div class=\"wp-block-column is-layout-flow wp-block-column-is-layout-flow\" style=\"flex-basis:50%\">\n<p>Fin 2000, il fonde la Compagnie ARCOSM et cr\u00e9e la pi\u00e8ce&nbsp;<em><a href=\"https:\/\/compagniearcosm.fr\/shows\/echoa\/\" data-type=\"shows\" data-id=\"17\">Echoa<\/a><\/em>&nbsp;en Novembre 2001. La pi\u00e8ce est en tourn\u00e9e encore aujourd\u2019hui, elle f\u00eatera bient\u00f4t ses 20 ans et sa 1000<sup>\u00e8me<\/sup>&nbsp;repr\u00e9sentation. Elle aura \u00e9t\u00e9 pr\u00e9sent\u00e9e en France, en Europe, et sur tous les continents.<br>En 2006, il cr\u00e9e&nbsp;<em><a href=\"https:\/\/compagniearcosm.fr\/shows\/lisa\/\" data-type=\"shows\" data-id=\"29\">Lisa<\/a><\/em>, puis en 2009,&nbsp;<em><a href=\"https:\/\/compagniearcosm.fr\/shows\/la-mecanique-des-anges\/\" data-type=\"shows\" data-id=\"32\">La M\u00e9canique des Anges<\/a><\/em>, pi\u00e8ce proche de l\u2019univers de la com\u00e9die musicale rock. Depuis 6 autres pi\u00e8ces sont cr\u00e9\u00e9es pour Arcosm,&nbsp;<em><a href=\"https:\/\/compagniearcosm.fr\/shows\/traverse\/\" data-type=\"shows\" data-id=\"35\">Traverse<\/a>&nbsp;<\/em>en 2011,&nbsp;<em><a href=\"https:\/\/compagniearcosm.fr\/shows\/solonely\/\" data-type=\"shows\" data-id=\"38\">Solonely<\/a>&nbsp;<\/em>en 2012, o\u00f9 il partage la sc\u00e8ne avec son ami et coll\u00e8gue au sein de la compagnie, Camille Rocailleux.&nbsp;<em><a href=\"https:\/\/compagniearcosm.fr\/shows\/bounce\/\" data-type=\"shows\" data-id=\"44\">Bounce!<\/a><\/em>&nbsp;est cr\u00e9\u00e9 en 2013, et s\u2019inscrit dans la route trac\u00e9e par la premi\u00e8re pi\u00e8ce de la compagnie, f\u00eatera bient\u00f4t sa 500<sup>\u00e8me<\/sup>&nbsp;repr\u00e9sentation.<\/p>\n<\/div>\n<\/div>\n\n<\/div>\n<\/section>\n\n\n<section class=\"default \">\n    <div class=\"acf-innerblocks-container\">\n\n<div class=\"wp-block-columns is-layout-flex wp-container-core-columns-is-layout-9d6595d7 wp-block-columns-is-layout-flex\">\n<div class=\"wp-block-column is-layout-flow wp-block-column-is-layout-flow\" style=\"flex-basis:50%\">\n<p><br>A partir de 2015, un tournant s\u2019amorce dans le travail, si la musique a toujours une place \u00e0 part enti\u00e8re dans le travail, Thomas Guerry s\u2019int\u00e9resse aux relations entre danse et image, sans pour autant se servir, encore, du m\u00e9dia vid\u00e9o. Les pi\u00e8ces&nbsp;<em><a href=\"https:\/\/compagniearcosm.fr\/shows\/sublime\/\" data-type=\"shows\" data-id=\"47\">Sublime<\/a><\/em>&nbsp;(2015) et&nbsp;<em><a href=\"https:\/\/compagniearcosm.fr\/shows\/subliminal\/\" data-type=\"shows\" data-id=\"50\">Subliminal<\/a><\/em> (2016) pose un certain regard sur notre rapport aux images dans la soci\u00e9t\u00e9 actuelle. Pour sa pi\u00e8ce&nbsp;<em>Sens<\/em>&nbsp;en 2018, la vid\u00e9o entre en jeu, mais n\u2019est toujours pas pr\u00e9sente au plateau, cette fois, c\u2019est l\u2019id\u00e9e m\u00eame de r\u00e9alit\u00e9 et de perception qu\u2019il interroge. Avant de s\u2019immerger dans un travail de cr\u00e9ation pluridisciplinaire danse\/image avec&nbsp;<em><a href=\"https:\/\/compagniearcosm.fr\/shows\/hotel-bellevue\/\" data-type=\"shows\" data-id=\"61\">H\u00f4tel Bellevue<\/a><\/em>, Thomas Guerry cr\u00e9\u00e9 la premi\u00e8re petite forme du r\u00e9pertoire de la compagnie,&nbsp;<em><a href=\"https:\/\/compagniearcosm.fr\/shows\/la-poetique-de-linstable\/\" data-type=\"shows\" data-id=\"58\">La Po\u00e9tique de l\u2019Instable<\/a><\/em>&nbsp;(2020), pi\u00e8ce signature de sa nouvelle \u00e9criture r\u00e9solument chor\u00e9graphique et po\u00e9tique parfaite destin\u00e9e \u00e0 des situations de rencontres de proximit\u00e9 avec les publics.<\/p>\n<\/div>\n\n\n\n<div class=\"wp-block-column is-layout-flow wp-block-column-is-layout-flow\" style=\"flex-basis:50%\"><\/div>\n<\/div>\n\n<\/div>\n<\/section>\n\n\n<section class=\"default \">\n    <div class=\"acf-innerblocks-container\">\n\n<div class=\"wp-block-columns is-layout-flex wp-container-core-columns-is-layout-9d6595d7 wp-block-columns-is-layout-flex\">\n<div class=\"wp-block-column is-layout-flow wp-block-column-is-layout-flow\" style=\"flex-basis:50%\"><\/div>\n\n\n\n<div class=\"wp-block-column is-layout-flow wp-block-column-is-layout-flow\" style=\"flex-basis:50%\">\n<p>En plus de ce travail de cr\u00e9ation au plateau, Thomas Guerry explore les possibilit\u00e9s qu\u2019offre l\u2019\u00e9ducation artistique et culturelle. Il m\u00e8ne de nombreux projets scolaires, amateurs, pour jeunes et tout publics et cr\u00e9\u00e9 les Sorties d\u2019\u00e9cole, temps fort de danse dans les \u00e9tablissements scolaires. Il prend plaisir \u00e0 croiser les publics de tout \u00e2ge et toute origine et \u00e0 les emmener dans ce r\u00e9-enchantement du quotidien qu\u2019il explore dans son travail, via le geste et la musique.<\/p>\n<\/div>\n<\/div>\n\n<\/div>\n<\/section>\n\n\n<section class=\"default \">\n    <div class=\"acf-innerblocks-container\">\n\n<div class=\"wp-block-columns is-layout-flex wp-container-core-columns-is-layout-9d6595d7 wp-block-columns-is-layout-flex\">\n<div class=\"wp-block-column is-layout-flow wp-block-column-is-layout-flow\" style=\"flex-basis:50%\">\n<p>Parall\u00e8lement \u00e0 son travail de chor\u00e9graphe, Thomas Guerry se frotte \u00e0 l\u2019univers du th\u00e9\u00e2tre et du jeu. En 2014, il met en sc\u00e8ne Et pourquoi pas la lune, un spectacle \u00e9crit par C\u00e9dric Marchal. 2014 est \u00e9galement l\u2019occasion pour Thomas de se lancer en tant que com\u00e9dien, notamment avec l\u2019auteur et metteur en sc\u00e8ne Hugo Paviot pour la pi\u00e8ce En haut. Il participe \u00e0 l\u2019\u00e9criture du long m\u00e9trage Mes fr\u00e8res avec Bertrand Guerry et Sophie Davout. Son travail chor\u00e9graphique apporte notamment au sc\u00e9nario un regard aiguis\u00e9 sur la destruction du corps du personnage principal, Rocco interpr\u00e9t\u00e9 par David Arribe. Il interpr\u00e8tera le r\u00f4le d\u2019Eddy dans le film sorti en 2018. En 2017, il int\u00e8gre le spectacle Vingt mille lieues sous les mers de Christian Hecq et Val\u00e9rie Lesort pour la Com\u00e9die Fran\u00e7aise et reprend le r\u00f4le du Sauvage pour les repr\u00e9sentations parisiennes de la pi\u00e8ce, et s\u2019initie ainsi \u00e0 la manipulation de marionnettes en th\u00e9\u00e2tre noir.<\/p>\n<\/div>\n\n\n\n<div class=\"wp-block-column is-layout-flow wp-block-column-is-layout-flow\" style=\"flex-basis:50%\"><\/div>\n<\/div>\n\n<\/div>\n<\/section>","protected":false},"excerpt":{"rendered":"","protected":false},"author":1,"featured_media":3236,"parent":3274,"menu_order":0,"comment_status":"closed","ping_status":"closed","template":"","meta":{"_acf_changed":false,"footnotes":""},"class_list":["post-3284","page","type-page","status-publish","has-post-thumbnail","hentry"],"acf":[],"_links":{"self":[{"href":"https:\/\/compagniearcosm.fr\/en\/wp-json\/wp\/v2\/pages\/3284","targetHints":{"allow":["GET"]}}],"collection":[{"href":"https:\/\/compagniearcosm.fr\/en\/wp-json\/wp\/v2\/pages"}],"about":[{"href":"https:\/\/compagniearcosm.fr\/en\/wp-json\/wp\/v2\/types\/page"}],"author":[{"embeddable":true,"href":"https:\/\/compagniearcosm.fr\/en\/wp-json\/wp\/v2\/users\/1"}],"replies":[{"embeddable":true,"href":"https:\/\/compagniearcosm.fr\/en\/wp-json\/wp\/v2\/comments?post=3284"}],"version-history":[{"count":1,"href":"https:\/\/compagniearcosm.fr\/en\/wp-json\/wp\/v2\/pages\/3284\/revisions"}],"predecessor-version":[{"id":3285,"href":"https:\/\/compagniearcosm.fr\/en\/wp-json\/wp\/v2\/pages\/3284\/revisions\/3285"}],"up":[{"embeddable":true,"href":"https:\/\/compagniearcosm.fr\/en\/wp-json\/wp\/v2\/pages\/3274"}],"wp:featuredmedia":[{"embeddable":true,"href":"https:\/\/compagniearcosm.fr\/en\/wp-json\/wp\/v2\/media\/3236"}],"wp:attachment":[{"href":"https:\/\/compagniearcosm.fr\/en\/wp-json\/wp\/v2\/media?parent=3284"}],"curies":[{"name":"wp","href":"https:\/\/api.w.org\/{rel}","templated":true}]}}